{"id":5,"date":"2011-10-25T21:28:05","date_gmt":"2011-10-25T21:28:05","guid":{"rendered":"http:\/\/blog.laminat-fachmarkt.com\/?page_id=5"},"modified":"2019-01-18T12:57:28","modified_gmt":"2019-01-18T11:57:28","slug":"wir-uber-uns","status":"publish","type":"page","link":"https:\/\/www.laminat-fachmarkt.com\/blog\/wir-uber-uns\/","title":{"rendered":"Wir \u00fcber uns"},"content":{"rendered":"<h1>\u00dcber Laminat-Fachmarkt<\/h1>\n<p>Laminat-fachmarkt wird seit 2011 betrieben und bietet seinen Kunden einen serviceorientierten, innovativen Online-Shop, mit rund 1600 Artikeln namhafter Hersteller. Bei uns finden Sie nicht nur Ihren neuen Boden, sondern auch das passende Zubeh\u00f6r, wie Fu\u00dfleisten, Trittschalld\u00e4mmung, oder Verlege-Werkzeug. Kurzum, bei laminat-fachmarkt erhalten Sie alles aus einer Hand und durch unseren direkten Kontakt zu Herstellern, k\u00f6nnen wir Ihnen ein hervorragendes Preis- Leistungsverh\u00e4ltnis bieten. Auch Konditionen f\u00fcr Handwerker oder Gro\u00dfabnehmer k\u00f6nnen jederzeit bei uns angefragt werden.<\/p>\n<p>Wir f\u00fchren hochwertige Laminatb\u00f6den ab 7 mm St\u00e4rke f\u00fcr den privaten und gewerblichen Bedarf. Neben den beliebten und klassichen Holzdekoren, bieten wir unseren Kunden auch besondere Fliesen-, Stein-, oder Hochglanz- Laminate mit dem dazu passenden Zubeh\u00f6r an. Unser Sortiment rund ums Laminat wird st\u00e4ndig erweitert, denn f\u00fcr unsere Kunden sind wir stets auf der Suche nach den neuesten Trends im Bereich der Bodenbel\u00e4ge.<\/p>\n<p>Durch unsere jahrelange Erfahrung in Beratung und Verkauf von Bodenbel\u00e4gen, insbesondere Laminat, k\u00f6nnen wir Ihnen eine umfassende, professionelle Beratung bieten. Unsere Mitarbeiter sind durch zahlreiche Fort- und Weiterbildungen immer auf dem aktuellen Stand. Wir beraten auch Sie gern bei der Suche nach Ihrem neuen Wunsch-Boden!<\/p>\n","protected":false},"excerpt":{"rendered":"<p>\u00dcber Laminat-Fachmarkt Laminat-fachmarkt wird seit 2011 betrieben und bietet seinen Kunden einen serviceorientierten, innovativen Online-Shop, mit rund 1600 Artikeln namhafter Hersteller. Bei uns finden Sie nicht nur Ihren neuen Boden, sondern auch das passende Zubeh\u00f6r, wie Fu\u00dfleisten, Trittschalld\u00e4mmung, oder Verlege-Werkzeug. &hellip; <a href=\"https:\/\/www.laminat-fachmarkt.com\/blog\/wir-uber-uns\/\">Weiterlesen <span class=\"meta-nav\">&rarr;<\/span><\/a><\/p>\n","protected":false},"author":1,"featured_media":0,"parent":0,"menu_order":0,"comment_status":"closed","ping_status":"open","template":"","meta":{"footnotes":""},"class_list":["post-5","page","type-page","status-publish","hentry"],"yoast_head":"<!-- This site is optimized with the Yoast SEO plugin v25.7 - https:\/\/yoast.com\/wordpress\/plugins\/seo\/ -->\n<title>Wir \u00fcber uns laminat-fachmarkt<\/title>\n<meta name=\"description\" content=\"Laminat-fachmarkt bietet seinen Kunden einen serviceorientierten, innovativen Online-Shop, mit rund 1600 Artikeln namhafter Laminat Hersteller.\" \/>\n<meta name=\"robots\" content=\"index, follow, max-snippet:-1, max-image-preview:large, max-video-preview:-1\" \/>\n<link rel=\"canonical\" href=\"https:\/\/www.laminat-fachmarkt.com\/blog\/wir-uber-uns\/\" \/>\n<meta name=\"twitter:label1\" content=\"Gesch\u00e4tzte Lesezeit\" \/>\n\t<meta name=\"twitter:data1\" content=\"1\u00a0Minute\" \/>\n<script type=\"application\/ld+json\" class=\"yoast-schema-graph\">{\"@context\":\"https:\/\/schema.org\",\"@graph\":[{\"@type\":\"WebPage\",\"@id\":\"https:\/\/www.laminat-fachmarkt.com\/blog\/wir-uber-uns\/\",\"url\":\"https:\/\/www.laminat-fachmarkt.com\/blog\/wir-uber-uns\/\",\"name\":\"Wir \u00fcber uns laminat-fachmarkt\",\"isPartOf\":{\"@id\":\"https:\/\/www.laminat-fachmarkt.com\/blog\/#website\"},\"datePublished\":\"2011-10-25T21:28:05+00:00\",\"dateModified\":\"2019-01-18T11:57:28+00:00\",\"description\":\"Laminat-fachmarkt bietet seinen Kunden einen serviceorientierten, innovativen Online-Shop, mit rund 1600 Artikeln namhafter Laminat Hersteller.\",\"breadcrumb\":{\"@id\":\"https:\/\/www.laminat-fachmarkt.com\/blog\/wir-uber-uns\/#breadcrumb\"},\"inLanguage\":\"de\",\"potentialAction\":[{\"@type\":\"ReadAction\",\"target\":[\"https:\/\/www.laminat-fachmarkt.com\/blog\/wir-uber-uns\/\"]}]},{\"@type\":\"BreadcrumbList\",\"@id\":\"https:\/\/www.laminat-fachmarkt.com\/blog\/wir-uber-uns\/#breadcrumb\",\"itemListElement\":[{\"@type\":\"ListItem\",\"position\":1,\"name\":\"Startseite\",\"item\":\"https:\/\/www.laminat-fachmarkt.com\/blog\/\"},{\"@type\":\"ListItem\",\"position\":2,\"name\":\"Wir \u00fcber uns\"}]},{\"@type\":\"WebSite\",\"@id\":\"https:\/\/www.laminat-fachmarkt.com\/blog\/#website\",\"url\":\"https:\/\/www.laminat-fachmarkt.com\/blog\/\",\"name\":\"Der Blog rund um Boden und Renovierung\",\"description\":\"von Laminat-Fachmarkt.com\",\"publisher\":{\"@id\":\"https:\/\/www.laminat-fachmarkt.com\/blog\/#organization\"},\"potentialAction\":[{\"@type\":\"SearchAction\",\"target\":{\"@type\":\"EntryPoint\",\"urlTemplate\":\"https:\/\/www.laminat-fachmarkt.com\/blog\/?s={search_term_string}\"},\"query-input\":{\"@type\":\"PropertyValueSpecification\",\"valueRequired\":true,\"valueName\":\"search_term_string\"}}],\"inLanguage\":\"de\"},{\"@type\":\"Organization\",\"@id\":\"https:\/\/www.laminat-fachmarkt.com\/blog\/#organization\",\"name\":\"Laminat-Fachmarkt\",\"url\":\"https:\/\/www.laminat-fachmarkt.com\/blog\/\",\"logo\":{\"@type\":\"ImageObject\",\"inLanguage\":\"de\",\"@id\":\"https:\/\/www.laminat-fachmarkt.com\/blog\/#\/schema\/logo\/image\/\",\"url\":\"https:\/\/www.laminat-fachmarkt.com\/blog\/wp-content\/uploads\/2013\/09\/cropped-Logo_Laminat-Fachmarkt1.jpg\",\"contentUrl\":\"https:\/\/www.laminat-fachmarkt.com\/blog\/wp-content\/uploads\/2013\/09\/cropped-Logo_Laminat-Fachmarkt1.jpg\",\"width\":940,\"height\":192,\"caption\":\"Laminat-Fachmarkt\"},\"image\":{\"@id\":\"https:\/\/www.laminat-fachmarkt.com\/blog\/#\/schema\/logo\/image\/\"},\"sameAs\":[\"https:\/\/www.facebook.com\/Laminat-Fachmarkt-272116766287950\"]}]}<\/script>\n<!-- \/ Yoast SEO plugin. -->","yoast_head_json":{"title":"Wir \u00fcber uns laminat-fachmarkt","description":"Laminat-fachmarkt bietet seinen Kunden einen serviceorientierten, innovativen Online-Shop, mit rund 1600 Artikeln namhafter Laminat Hersteller.","robots":{"index":"index","follow":"follow","max-snippet":"max-snippet:-1","max-image-preview":"max-image-preview:large","max-video-preview":"max-video-preview:-1"},"canonical":"https:\/\/www.laminat-fachmarkt.com\/blog\/wir-uber-uns\/","twitter_misc":{"Gesch\u00e4tzte Lesezeit":"1\u00a0Minute"},"schema":{"@context":"https:\/\/schema.org","@graph":[{"@type":"WebPage","@id":"https:\/\/www.laminat-fachmarkt.com\/blog\/wir-uber-uns\/","url":"https:\/\/www.laminat-fachmarkt.com\/blog\/wir-uber-uns\/","name":"Wir \u00fcber uns laminat-fachmarkt","isPartOf":{"@id":"https:\/\/www.laminat-fachmarkt.com\/blog\/#website"},"datePublished":"2011-10-25T21:28:05+00:00","dateModified":"2019-01-18T11:57:28+00:00","description":"Laminat-fachmarkt bietet seinen Kunden einen serviceorientierten, innovativen Online-Shop, mit rund 1600 Artikeln namhafter Laminat Hersteller.","breadcrumb":{"@id":"https:\/\/www.laminat-fachmarkt.com\/blog\/wir-uber-uns\/#breadcrumb"},"inLanguage":"de","potentialAction":[{"@type":"ReadAction","target":["https:\/\/www.laminat-fachmarkt.com\/blog\/wir-uber-uns\/"]}]},{"@type":"BreadcrumbList","@id":"https:\/\/www.laminat-fachmarkt.com\/blog\/wir-uber-uns\/#breadcrumb","itemListElement":[{"@type":"ListItem","position":1,"name":"Startseite","item":"https:\/\/www.laminat-fachmarkt.com\/blog\/"},{"@type":"ListItem","position":2,"name":"Wir \u00fcber uns"}]},{"@type":"WebSite","@id":"https:\/\/www.laminat-fachmarkt.com\/blog\/#website","url":"https:\/\/www.laminat-fachmarkt.com\/blog\/","name":"Der Blog rund um Boden und Renovierung","description":"von Laminat-Fachmarkt.com","publisher":{"@id":"https:\/\/www.laminat-fachmarkt.com\/blog\/#organization"},"potentialAction":[{"@type":"SearchAction","target":{"@type":"EntryPoint","urlTemplate":"https:\/\/www.laminat-fachmarkt.com\/blog\/?s={search_term_string}"},"query-input":{"@type":"PropertyValueSpecification","valueRequired":true,"valueName":"search_term_string"}}],"inLanguage":"de"},{"@type":"Organization","@id":"https:\/\/www.laminat-fachmarkt.com\/blog\/#organization","name":"Laminat-Fachmarkt","url":"https:\/\/www.laminat-fachmarkt.com\/blog\/","logo":{"@type":"ImageObject","inLanguage":"de","@id":"https:\/\/www.laminat-fachmarkt.com\/blog\/#\/schema\/logo\/image\/","url":"https:\/\/www.laminat-fachmarkt.com\/blog\/wp-content\/uploads\/2013\/09\/cropped-Logo_Laminat-Fachmarkt1.jpg","contentUrl":"https:\/\/www.laminat-fachmarkt.com\/blog\/wp-content\/uploads\/2013\/09\/cropped-Logo_Laminat-Fachmarkt1.jpg","width":940,"height":192,"caption":"Laminat-Fachmarkt"},"image":{"@id":"https:\/\/www.laminat-fachmarkt.com\/blog\/#\/schema\/logo\/image\/"},"sameAs":["https:\/\/www.facebook.com\/Laminat-Fachmarkt-272116766287950"]}]}},"_links":{"self":[{"href":"https:\/\/www.laminat-fachmarkt.com\/blog\/wp-json\/wp\/v2\/pages\/5","targetHints":{"allow":["GET"]}}],"collection":[{"href":"https:\/\/www.laminat-fachmarkt.com\/blog\/wp-json\/wp\/v2\/pages"}],"about":[{"href":"https:\/\/www.laminat-fachmarkt.com\/blog\/wp-json\/wp\/v2\/types\/page"}],"author":[{"embeddable":true,"href":"https:\/\/www.laminat-fachmarkt.com\/blog\/wp-json\/wp\/v2\/users\/1"}],"replies":[{"embeddable":true,"href":"https:\/\/www.laminat-fachmarkt.com\/blog\/wp-json\/wp\/v2\/comments?post=5"}],"version-history":[{"count":5,"href":"https:\/\/www.laminat-fachmarkt.com\/blog\/wp-json\/wp\/v2\/pages\/5\/revisions"}],"predecessor-version":[{"id":197,"href":"https:\/\/www.laminat-fachmarkt.com\/blog\/wp-json\/wp\/v2\/pages\/5\/revisions\/197"}],"wp:attachment":[{"href":"https:\/\/www.laminat-fachmarkt.com\/blog\/wp-json\/wp\/v2\/media?parent=5"}],"curies":[{"name":"wp","href":"https:\/\/api.w.org\/{rel}","templated":true}]}}